{"id":92,"date":"2021-12-06T20:29:08","date_gmt":"2021-12-06T20:29:08","guid":{"rendered":"https:\/\/sartor-wohnen.de\/?page_id=92"},"modified":"2022-09-18T10:09:36","modified_gmt":"2022-09-18T10:09:36","slug":"grundrisse-bauteil-2-3","status":"publish","type":"page","link":"https:\/\/sartor-wohnen.de\/?page_id=92","title":{"rendered":"Grundrisse Bauteil 2 + 3"},"content":{"rendered":"<p>[et_pb_section fb_built=&#8221;1&#8243; fullwidth=&#8221;on&#8221; _builder_version=&#8221;4.9.2&#8243; _module_preset=&#8221;default&#8221;][et_pb_fullwidth_header title=&#8221;Grundrisse Koblenz Moselweiss&#8221; _builder_version=&#8221;4.9.2&#8243; _module_preset=&#8221;default&#8221; background_color=&#8221;#206012&#8243;]<\/p>\n<p>&nbsp;<\/p>\n<p>&nbsp;<\/p>\n<p>&nbsp;<\/p>\n<p>&nbsp;<\/p>\n<p>[\/et_pb_fullwidth_header][\/et_pb_section][et_pb_section fb_built=&#8221;1&#8243; admin_label=&#8221;Listings&#8221; _builder_version=&#8221;4.6.1&#8243; _module_preset=&#8221;default&#8221;][et_pb_row _builder_version=&#8221;4.6.5&#8243; _module_preset=&#8221;default&#8221; custom_margin=&#8221;-9vw||||false|false&#8221; custom_margin_tablet=&#8221;-140px||||false|false&#8221; custom_margin_phone=&#8221;-120px||||false|false&#8221; custom_margin_last_edited=&#8221;on|phone&#8221; locked=&#8221;off&#8221;][et_pb_column type=&#8221;4_4&#8243; _builder_version=&#8221;4.6.1&#8243; _module_preset=&#8221;default&#8221;][et_pb_slider show_pagination=&#8221;off&#8221; arrows_custom_color=&#8221;#000000&#8243; _builder_version=&#8221;4.9.2&#8243; _module_preset=&#8221;default&#8221; header_font=&#8221;Merriweather||||||||&#8221; header_text_color=&#8221;#000000&#8243; header_font_size=&#8221;36px&#8221; header_line_height=&#8221;1.4em&#8221; body_font=&#8221;Merriweather||||||||&#8221; body_text_color=&#8221;#000000&#8243; body_font_size=&#8221;20px&#8221; body_line_height=&#8221;1.6em&#8221; custom_button=&#8221;on&#8221; button_text_size=&#8221;14px&#8221; button_bg_color=&#8221;#b4926b&#8221; button_border_width=&#8221;0px&#8221; button_border_radius=&#8221;0px&#8221; button_letter_spacing=&#8221;2px&#8221; button_font=&#8221;|||on|||||&#8221; button_custom_margin=&#8221;240px||||false|false&#8221; button_custom_margin_tablet=&#8221;150px||||false|false&#8221; button_custom_margin_phone=&#8221;80px||||false|false&#8221; button_custom_margin_last_edited=&#8221;on|phone&#8221; button_custom_padding=&#8221;14px|30px|14px|30px|true|true&#8221; text_orientation=&#8221;left&#8221; custom_padding=&#8221;100px|60%||20px|false|false&#8221; custom_padding_tablet=&#8221;|40%|||false|false&#8221; custom_padding_phone=&#8221;&#8221; custom_padding_last_edited=&#8221;on|desktop&#8221; header_font_size_tablet=&#8221;30px&#8221; header_font_size_phone=&#8221;22px&#8221; header_font_size_last_edited=&#8221;on|desktop&#8221; body_font_size_tablet=&#8221;18px&#8221; body_font_size_phone=&#8221;16px&#8221; body_font_size_last_edited=&#8221;on|phone&#8221; text_shadow_style=&#8221;preset1&#8243; text_shadow_color=&#8221;rgba(0,0,0,0)&#8221; locked=&#8221;off&#8221; button_custom_padding__hover_enabled=&#8221;on|hover&#8221; button_custom_padding__hover=&#8221;|40px|||true|false&#8221;][et_pb_slide heading=&#8221;Grundriss Bauteil 2&#8243; button_text=&#8221;Kontakt&#8221; button_link=&#8221;@ET-DC@eyJkeW5hbWljIjp0cnVlLCJjb250ZW50IjoicG9zdF9saW5rX3VybF9wYWdlIiwic2V0dGluZ3MiOnsicG9zdF9pZCI6IjM5In19@&#8221; _builder_version=&#8221;4.9.2&#8243; _dynamic_attributes=&#8221;button_link&#8221; _module_preset=&#8221;default&#8221; use_background_color_gradient=&#8221;on&#8221; background_color_gradient_start=&#8221;rgba(255,255,255,0.9)&#8221; background_color_gradient_end=&#8221;rgba(0,0,0,0)&#8221; background_color_gradient_direction=&#8221;90deg&#8221; background_color_gradient_start_position=&#8221;50%&#8221; background_color_gradient_end_position=&#8221;50%&#8221; background_color_gradient_overlays_image=&#8221;on&#8221; background_image=&#8221;https:\/\/sartor-wohnen.de\/wp-content\/uploads\/2021\/12\/Mappe_Bauteil-2_Seite_3_Bild_0002.jpg&#8221; background_enable_image=&#8221;on&#8221; background_last_edited=&#8221;on|phone&#8221; background_color_gradient_start_position_tablet=&#8221;70%&#8221; background_color_gradient_end_position_tablet=&#8221;70%&#8221; locked=&#8221;off&#8221; sticky_transition=&#8221;on&#8221;]<\/p>\n<p>Koblenz Moselweiss<\/p>\n<p>[\/et_pb_slide][et_pb_slide heading=&#8221;Grundriss Bauteil 3&#8243; button_text=&#8221;Kontakt&#8221; button_link=&#8221;@ET-DC@eyJkeW5hbWljIjp0cnVlLCJjb250ZW50IjoicG9zdF9saW5rX3VybF9wYWdlIiwic2V0dGluZ3MiOnsicG9zdF9pZCI6IjM5In19@&#8221; _builder_version=&#8221;4.9.2&#8243; _dynamic_attributes=&#8221;button_link&#8221; _module_preset=&#8221;default&#8221; use_background_color_gradient=&#8221;on&#8221; background_color_gradient_start=&#8221;rgba(255,255,255,0.9)&#8221; background_color_gradient_end=&#8221;rgba(0,0,0,0)&#8221; background_color_gradient_direction=&#8221;90deg&#8221; background_color_gradient_start_position=&#8221;50%&#8221; background_color_gradient_end_position=&#8221;50%&#8221; background_color_gradient_overlays_image=&#8221;on&#8221; background_image=&#8221;https:\/\/sartor-wohnen.de\/wp-content\/uploads\/2021\/12\/Mappe_Bauteil-3_Seite_3-scaled.jpg&#8221; background_enable_image=&#8221;on&#8221; background_last_edited=&#8221;on|phone&#8221; background_color_gradient_start_position_tablet=&#8221;70%&#8221; background_color_gradient_end_position_tablet=&#8221;70%&#8221; locked=&#8221;off&#8221; sticky_transition=&#8221;on&#8221;]<\/p>\n<p>Koblenz Moselweiss<\/p>\n<p>[\/et_pb_slide][et_pb_slide heading=&#8221;Grundriss Bauteil 1&#8243; button_text=&#8221;Kontakt&#8221; button_link=&#8221;@ET-DC@eyJkeW5hbWljIjp0cnVlLCJjb250ZW50IjoicG9zdF9saW5rX3VybF9wYWdlIiwic2V0dGluZ3MiOnsicG9zdF9pZCI6IjM5In19@&#8221; _builder_version=&#8221;4.9.2&#8243; _dynamic_attributes=&#8221;button_link&#8221; _module_preset=&#8221;default&#8221; use_background_color_gradient=&#8221;on&#8221; background_color_gradient_start=&#8221;rgba(255,255,255,0.9)&#8221; background_color_gradient_end=&#8221;rgba(0,0,0,0)&#8221; background_color_gradient_direction=&#8221;90deg&#8221; background_color_gradient_start_position=&#8221;50%&#8221; background_color_gradient_end_position=&#8221;50%&#8221; background_color_gradient_overlays_image=&#8221;on&#8221; background_image=&#8221;https:\/\/sartor-wohnen.de\/wp-content\/uploads\/2021\/08\/v3_Photo-5-1024&#215;576.jpg&#8221; background_enable_image=&#8221;on&#8221; background_last_edited=&#8221;on|phone&#8221; background_color_gradient_start_position_tablet=&#8221;70%&#8221; background_color_gradient_end_position_tablet=&#8221;70%&#8221; locked=&#8221;off&#8221; sticky_transition=&#8221;on&#8221;]<\/p>\n<p>folgt Bald<\/p>\n<p>[\/et_pb_slide][\/et_pb_slider][\/et_pb_column][\/et_pb_row][\/et_pb_section][et_pb_section fb_built=&#8221;1&#8243; admin_label=&#8221;Featured Places&#8221; _builder_version=&#8221;4.6.5&#8243; locked=&#8221;off&#8221;][et_pb_row column_structure=&#8221;1_3,1_3,1_3&#8243; _builder_version=&#8221;4.6.5&#8243; use_custom_width=&#8221;on&#8221; custom_width_px=&#8221;1440px&#8221;][et_pb_column type=&#8221;1_3&#8243; _builder_version=&#8221;4.6.5&#8243; background_color=&#8221;#ffffff&#8221;][et_pb_image src=&#8221;https:\/\/sartor-wohnen.de\/wp-content\/uploads\/2021\/12\/1-Zimmer.jpg&#8221; alt=&#8221;1 Zimmer Apartment&#8221; title_text=&#8221;1 Zimmer&#8221; _builder_version=&#8221;4.9.2&#8243;][\/et_pb_image][et_pb_text _builder_version=&#8221;4.9.2&#8243; text_text_color=&#8221;#898f99&#8243; text_font_size=&#8221;15px&#8221; text_line_height=&#8221;1.8em&#8221; link_font=&#8221;||||||||&#8221; link_text_color=&#8221;#3c39e6&#8243; header_font=&#8221;||||||||&#8221; header_2_font=&#8221;||||||||&#8221; header_3_font=&#8221;||||||||&#8221; header_4_font=&#8221;Merriweather|700|||||||&#8221; header_4_font_size=&#8221;25px&#8221; header_5_font=&#8221;||||||||&#8221; locked=&#8221;off&#8221;]<\/p>\n<p>1 Zimmer Apartment<\/p>\n<h4>ca. 36 m2<\/h4>\n<p>[\/et_pb_text][et_pb_blurb title=&#8221;aktuell alle vergeben&#8221; use_icon=&#8221;on&#8221; font_icon=&#8221;%%59%%&#8221; icon_color=&#8221;#E02B20&#8243; icon_placement=&#8221;left&#8221; content_max_width=&#8221;100%&#8221; use_icon_font_size=&#8221;on&#8221; icon_font_size=&#8221;16px&#8221; _builder_version=&#8221;4.9.2&#8243; _module_preset=&#8221;default&#8221; header_font=&#8221;|700||on|||||&#8221; header_font_size=&#8221;13px&#8221; header_line_height=&#8221;1.3em&#8221; locked=&#8221;off&#8221;][\/et_pb_blurb][\/et_pb_column][et_pb_column type=&#8221;1_3&#8243; _builder_version=&#8221;3.25&#8243;][et_pb_image src=&#8221;https:\/\/sartor-wohnen.de\/wp-content\/uploads\/2021\/12\/1-Zimmer-Rollstuhl.jpg&#8221; alt=&#8221;1 Zimmer Rollstuhl geeignet&#8221; title_text=&#8221;1 Zimmer Rollstuhl&#8221; _builder_version=&#8221;4.9.2&#8243; locked=&#8221;off&#8221;][\/et_pb_image][et_pb_text _builder_version=&#8221;4.9.2&#8243; text_text_color=&#8221;#898f99&#8243; text_font_size=&#8221;15px&#8221; text_line_height=&#8221;1.8em&#8221; link_font=&#8221;||||||||&#8221; link_text_color=&#8221;#3c39e6&#8243; header_font=&#8221;||||||||&#8221; header_2_font=&#8221;||||||||&#8221; header_3_font=&#8221;||||||||&#8221; header_4_font=&#8221;Merriweather|700|||||||&#8221; header_4_font_size=&#8221;25px&#8221; header_5_font=&#8221;||||||||&#8221; locked=&#8221;off&#8221;]<\/p>\n<p>1 Zimmer Apartment Rollstuhl geeignet<\/p>\n<h4>ca. 40 m2<\/h4>\n<p>[\/et_pb_text][et_pb_blurb title=&#8221;aktuell alle vergeben&#8221; use_icon=&#8221;on&#8221; font_icon=&#8221;%%59%%&#8221; icon_color=&#8221;#E02B20&#8243; icon_placement=&#8221;left&#8221; content_max_width=&#8221;100%&#8221; use_icon_font_size=&#8221;on&#8221; icon_font_size=&#8221;16px&#8221; _builder_version=&#8221;4.9.2&#8243; _module_preset=&#8221;default&#8221; header_font=&#8221;|700||on|||||&#8221; header_font_size=&#8221;13px&#8221; header_line_height=&#8221;1.3em&#8221; locked=&#8221;off&#8221;][\/et_pb_blurb][\/et_pb_column][et_pb_column type=&#8221;1_3&#8243; _builder_version=&#8221;3.25&#8243; background_color=&#8221;#ffffff&#8221; custom_padding__hover=&#8221;|||&#8221;][et_pb_image src=&#8221;https:\/\/sartor-wohnen.de\/wp-content\/uploads\/2021\/12\/2-Zimmer-Bauteil-3.jpg&#8221; alt=&#8221;2 Zimmer Sartor Wohnen&#8221; title_text=&#8221;2 Zimmer Bauteil 3&#8243; _builder_version=&#8221;4.9.2&#8243; locked=&#8221;off&#8221;][\/et_pb_image][et_pb_text _builder_version=&#8221;4.9.2&#8243; text_text_color=&#8221;#898f99&#8243; text_font_size=&#8221;15px&#8221; text_line_height=&#8221;1.8em&#8221; link_font=&#8221;||||||||&#8221; link_text_color=&#8221;#3c39e6&#8243; header_font=&#8221;||||||||&#8221; header_2_font=&#8221;||||||||&#8221; header_3_font=&#8221;||||||||&#8221; header_4_font=&#8221;Merriweather|700|||||||&#8221; header_4_font_size=&#8221;25px&#8221; header_5_font=&#8221;||||||||&#8221; locked=&#8221;off&#8221;]<\/p>\n<p>2 Zimmer Wohnung<\/p>\n<h4>ca. 50 m2<\/h4>\n<p>[\/et_pb_text][et_pb_blurb title=&#8221;aktuell alle vergeben&#8221; use_icon=&#8221;on&#8221; font_icon=&#8221;%%59%%&#8221; icon_color=&#8221;#E02B20&#8243; icon_placement=&#8221;left&#8221; content_max_width=&#8221;100%&#8221; use_icon_font_size=&#8221;on&#8221; icon_font_size=&#8221;16px&#8221; _builder_version=&#8221;4.9.2&#8243; _module_preset=&#8221;default&#8221; header_font=&#8221;|700||on|||||&#8221; header_font_size=&#8221;13px&#8221; header_line_height=&#8221;1.3em&#8221; locked=&#8221;off&#8221;][\/et_pb_blurb][\/et_pb_column][\/et_pb_row][et_pb_row column_structure=&#8221;1_3,1_3,1_3&#8243; _builder_version=&#8221;4.6.5&#8243; use_custom_width=&#8221;on&#8221; custom_width_px=&#8221;1440px&#8221;][et_pb_column type=&#8221;1_3&#8243; _builder_version=&#8221;4.6.5&#8243;][et_pb_image src=&#8221;https:\/\/sartor-wohnen.de\/wp-content\/uploads\/2021\/12\/2-Zimmer-Bauteil-2.jpg&#8221; alt=&#8221;2 Zimmer Sartor Wohnen&#8221; title_text=&#8221;2 Zimmer Bauteil 2&#8243; _builder_version=&#8221;4.9.2&#8243;][\/et_pb_image][et_pb_text _builder_version=&#8221;4.9.2&#8243; text_text_color=&#8221;#898f99&#8243; text_font_size=&#8221;15px&#8221; text_line_height=&#8221;1.8em&#8221; link_font=&#8221;||||||||&#8221; link_text_color=&#8221;#3c39e6&#8243; header_font=&#8221;||||||||&#8221; header_2_font=&#8221;||||||||&#8221; header_3_font=&#8221;||||||||&#8221; header_4_font=&#8221;Merriweather|700|||||||&#8221; header_4_font_size=&#8221;25px&#8221; header_5_font=&#8221;||||||||&#8221; locked=&#8221;off&#8221;]<\/p>\n<p>2 Zimmer Wohnung<\/p>\n<h4>ca. 63 m2<\/h4>\n<p>[\/et_pb_text][et_pb_blurb title=&#8221;aktuell alle vergeben&#8221; use_icon=&#8221;on&#8221; font_icon=&#8221;%%59%%&#8221; icon_color=&#8221;#E02B20&#8243; icon_placement=&#8221;left&#8221; content_max_width=&#8221;100%&#8221; use_icon_font_size=&#8221;on&#8221; icon_font_size=&#8221;16px&#8221; _builder_version=&#8221;4.9.2&#8243; _module_preset=&#8221;default&#8221; header_font=&#8221;|700||on|||||&#8221; header_font_size=&#8221;13px&#8221; header_line_height=&#8221;1.3em&#8221; locked=&#8221;off&#8221;][\/et_pb_blurb][\/et_pb_column][et_pb_column type=&#8221;1_3&#8243; _builder_version=&#8221;3.25&#8243; background_color=&#8221;#ffffff&#8221; custom_padding__hover=&#8221;|||&#8221;][et_pb_image src=&#8221;https:\/\/sartor-wohnen.de\/wp-content\/uploads\/2021\/12\/5-Zimmer-Bauteil-2.jpg&#8221; alt=&#8221;5 Zimmer Sartor wohnen&#8221; title_text=&#8221;5 Zimmer Bauteil 2&#8243; _builder_version=&#8221;4.9.2&#8243; locked=&#8221;off&#8221;][\/et_pb_image][et_pb_text _builder_version=&#8221;4.9.2&#8243; text_text_color=&#8221;#898f99&#8243; text_font_size=&#8221;15px&#8221; text_line_height=&#8221;1.8em&#8221; link_font=&#8221;||||||||&#8221; link_text_color=&#8221;#3c39e6&#8243; header_font=&#8221;||||||||&#8221; header_2_font=&#8221;||||||||&#8221; header_3_font=&#8221;||||||||&#8221; header_4_font=&#8221;Merriweather|700|||||||&#8221; header_4_font_size=&#8221;25px&#8221; header_5_font=&#8221;||||||||&#8221; locked=&#8221;off&#8221;]<\/p>\n<p>5 Zimmer Wohnung<\/p>\n<h4>ca. 144 m2<\/h4>\n<p>[\/et_pb_text][et_pb_blurb title=&#8221;nur noch 1 verf\u00fcgbar&#8221; use_icon=&#8221;on&#8221; font_icon=&#8221;%%59%%&#8221; icon_color=&#8221;#7CDA24&#8243; icon_placement=&#8221;left&#8221; content_max_width=&#8221;100%&#8221; use_icon_font_size=&#8221;on&#8221; icon_font_size=&#8221;16px&#8221; _builder_version=&#8221;4.9.2&#8243; _module_preset=&#8221;default&#8221; header_font=&#8221;|700||on|||||&#8221; header_font_size=&#8221;13px&#8221; header_line_height=&#8221;1.3em&#8221; hover_enabled=&#8221;0&#8243; locked=&#8221;off&#8221; sticky_enabled=&#8221;0&#8243;][\/et_pb_blurb][\/et_pb_column][et_pb_column type=&#8221;1_3&#8243; _builder_version=&#8221;3.25&#8243; background_color=&#8221;#ffffff&#8221; custom_padding__hover=&#8221;|||&#8221;][et_pb_image src=&#8221;https:\/\/sartor-wohnen.de\/wp-content\/uploads\/2021\/12\/5-Zimmer-Bauteil-3.jpg&#8221; alt=&#8221;5 Zimmer Sartor wohnen&#8221; title_text=&#8221;5 Zimmer Bauteil 3&#8243; _builder_version=&#8221;4.9.2&#8243; locked=&#8221;off&#8221;][\/et_pb_image][et_pb_text _builder_version=&#8221;4.9.2&#8243; text_text_color=&#8221;#898f99&#8243; text_font_size=&#8221;15px&#8221; text_line_height=&#8221;1.8em&#8221; link_font=&#8221;||||||||&#8221; link_text_color=&#8221;#3c39e6&#8243; header_font=&#8221;||||||||&#8221; header_2_font=&#8221;||||||||&#8221; header_3_font=&#8221;||||||||&#8221; header_4_font=&#8221;Merriweather|700|||||||&#8221; header_4_font_size=&#8221;25px&#8221; header_5_font=&#8221;||||||||&#8221; locked=&#8221;off&#8221;]<\/p>\n<p>5 Zimmer Wohnung<\/p>\n<h4>ca. 147 m2<\/h4>\n<p>[\/et_pb_text][et_pb_blurb title=&#8221;nur noch 1 verf\u00fcgbar&#8221; use_icon=&#8221;on&#8221; font_icon=&#8221;%%59%%&#8221; icon_color=&#8221;#7cda24&#8243; icon_placement=&#8221;left&#8221; content_max_width=&#8221;100%&#8221; use_icon_font_size=&#8221;on&#8221; icon_font_size=&#8221;16px&#8221; _builder_version=&#8221;4.9.2&#8243; _module_preset=&#8221;default&#8221; header_font=&#8221;|700||on|||||&#8221; header_font_size=&#8221;13px&#8221; header_line_height=&#8221;1.3em&#8221; hover_enabled=&#8221;0&#8243; locked=&#8221;off&#8221; sticky_enabled=&#8221;0&#8243;][\/et_pb_blurb][\/et_pb_column][\/et_pb_row][et_pb_row _builder_version=&#8221;4.6.5&#8243; _module_preset=&#8221;default&#8221;][et_pb_column type=&#8221;4_4&#8243; _builder_version=&#8221;4.6.5&#8243; _module_preset=&#8221;default&#8221;][\/et_pb_column][\/et_pb_row][\/et_pb_section][et_pb_section fb_built=&#8221;1&#8243; custom_padding_last_edited=&#8221;on|phone&#8221; admin_label=&#8221;Footer&#8221; _builder_version=&#8221;4.6.5&#8243; _module_preset=&#8221;default&#8221; background_color=&#8221;#38413a&#8221; background_image=&#8221;https:\/\/sartor-wohnen.de\/wp-content\/uploads\/2021\/08\/realtor-010.jpg&#8221; custom_padding=&#8221;100px||100px||true|false&#8221; custom_padding_tablet=&#8221;80px||80px||true|false&#8221; custom_padding_phone=&#8221;60px||60px||true|false&#8221; saved_tabs=&#8221;all&#8221; locked=&#8221;off&#8221;][et_pb_row column_structure=&#8221;1_4,1_2,1_4&#8243; _builder_version=&#8221;4.6.1&#8243; _module_preset=&#8221;default&#8221;][et_pb_column type=&#8221;1_4&#8243; _builder_version=&#8221;4.6.1&#8243; _module_preset=&#8221;default&#8221;][et_pb_text _builder_version=&#8221;4.9.2&#8243; _module_preset=&#8221;default&#8221; header_2_font=&#8221;Merriweather|300|||||||&#8221; header_2_font_size=&#8221;54px&#8221; header_2_line_height=&#8221;1.4em&#8221; background_layout=&#8221;dark&#8221; header_2_font_size_tablet=&#8221;44px&#8221; header_2_font_size_phone=&#8221;28px&#8221; header_2_font_size_last_edited=&#8221;on|phone&#8221; locked=&#8221;off&#8221;]<\/p>\n<h2>Sartor Wohnen<\/h2>\n<p>[\/et_pb_text][\/et_pb_column][et_pb_column type=&#8221;1_2&#8243; _builder_version=&#8221;4.6.1&#8243; _module_preset=&#8221;default&#8221;][et_pb_text _builder_version=&#8221;4.9.2&#8243; _module_preset=&#8221;default&#8221; text_font_size=&#8221;16px&#8221; text_line_height=&#8221;2.2em&#8221; background_layout=&#8221;dark&#8221; text_font_size_tablet=&#8221;14px&#8221; text_font_size_phone=&#8221;&#8221; text_font_size_last_edited=&#8221;on|phone&#8221; locked=&#8221;off&#8221;]<\/p>\n<p><span>Die Sartor Wohnanlage wird nach Fertigstellung aus f\u00fcnf Wohngeb\u00e4uden mit unterschiedlichsten Wohnungsgr\u00f6\u00dfen bestehen. Auf dem zentrumsnahen Areal entstehen zudem Gr\u00fcnfl\u00e4chen sowie Spielpl\u00e4tze.\u00a0<\/span><\/p>\n<p>[\/et_pb_text][\/et_pb_column][et_pb_column type=&#8221;1_4&#8243; _builder_version=&#8221;4.6.1&#8243; _module_preset=&#8221;default&#8221;][et_pb_button button_url=&#8221;@ET-DC@eyJkeW5hbWljIjp0cnVlLCJjb250ZW50IjoicG9zdF9saW5rX3VybF9wYWdlIiwic2V0dGluZ3MiOnsicG9zdF9pZCI6IjM5In19@&#8221; button_text=&#8221;Kontakt&#8221; button_alignment=&#8221;right&#8221; button_alignment_tablet=&#8221;left&#8221; button_alignment_phone=&#8221;&#8221; button_alignment_last_edited=&#8221;on|tablet&#8221; _builder_version=&#8221;4.9.2&#8243; _dynamic_attributes=&#8221;button_url&#8221; _module_preset=&#8221;default&#8221; custom_button=&#8221;on&#8221; button_text_size=&#8221;14px&#8221; button_border_width=&#8221;2px&#8221; button_border_color=&#8221;rgba(255,255,255,0.1)&#8221; button_border_radius=&#8221;0px&#8221; button_letter_spacing=&#8221;2px&#8221; button_font=&#8221;|||on|||||&#8221; background_layout=&#8221;dark&#8221; custom_padding=&#8221;14px|30px|14px|30px|true|true&#8221; locked=&#8221;off&#8221; custom_padding__hover_enabled=&#8221;on|hover&#8221; custom_padding__hover=&#8221;|40px|||true|false&#8221;][\/et_pb_button][\/et_pb_column][\/et_pb_row][et_pb_row column_structure=&#8221;1_3,1_3,1_3&#8243; custom_padding_last_edited=&#8221;on|phone&#8221; _builder_version=&#8221;4.6.1&#8243; _module_preset=&#8221;default&#8221; background_color=&#8221;rgba(0,0,0,0.7)&#8221; custom_margin=&#8221;3vw||3vw||true|false&#8221; custom_padding=&#8221;60px|30px|60px|30px|true|true&#8221; custom_padding_tablet=&#8221;&#8221; custom_padding_phone=&#8221;&#8221; border_color_all=&#8221;#b4926b&#8221; border_width_bottom=&#8221;10px&#8221; locked=&#8221;off&#8221;][et_pb_column type=&#8221;1_3&#8243; _builder_version=&#8221;4.5.1&#8243; _module_preset=&#8221;default&#8221;][et_pb_text _builder_version=&#8221;4.9.2&#8243; text_font=&#8221;|700|||||||&#8221; text_text_color=&#8221;#b4926b&#8221; text_font_size=&#8221;20px&#8221; text_line_height=&#8221;1.4em&#8221; link_text_color=&#8221;#000000&#8243; header_6_font=&#8221;|600||on|||||&#8221; header_6_letter_spacing=&#8221;2px&#8221; header_6_line_height=&#8221;1.2em&#8221; text_orientation=&#8221;center&#8221; background_layout=&#8221;dark&#8221; text_font_size_tablet=&#8221;18px&#8221; text_font_size_phone=&#8221;16px&#8221; text_font_size_last_edited=&#8221;on|phone&#8221; locked=&#8221;off&#8221;]<\/p>\n<h6>Phone<\/h6>\n<p>(+49) 2654-939016<\/p>\n<p>[\/et_pb_text][\/et_pb_column][et_pb_column type=&#8221;1_3&#8243; _builder_version=&#8221;4.5.1&#8243; _module_preset=&#8221;default&#8221;][et_pb_text _builder_version=&#8221;4.9.2&#8243; text_font=&#8221;|700|||||||&#8221; text_text_color=&#8221;#b4926b&#8221; text_font_size=&#8221;20px&#8221; text_line_height=&#8221;1.4em&#8221; link_text_color=&#8221;#b4926b&#8221; header_6_font=&#8221;|600||on|||||&#8221; header_6_letter_spacing=&#8221;2px&#8221; header_6_line_height=&#8221;1.2em&#8221; text_orientation=&#8221;center&#8221; background_layout=&#8221;dark&#8221; text_font_size_tablet=&#8221;18px&#8221; text_font_size_phone=&#8221;16px&#8221; text_font_size_last_edited=&#8221;on|phone&#8221; locked=&#8221;off&#8221;]<\/p>\n<h6>Email<\/h6>\n<p><a href=\"#\">moselweiss@sartor-wohnen.de<\/a><\/p>\n<p>[\/et_pb_text][\/et_pb_column][et_pb_column type=&#8221;1_3&#8243; _builder_version=&#8221;4.5.1&#8243; _module_preset=&#8221;default&#8221;][et_pb_text _builder_version=&#8221;4.6.5&#8243; header_6_font=&#8221;|600||on|||||&#8221; header_6_letter_spacing=&#8221;2px&#8221; header_6_line_height=&#8221;1.2em&#8221; text_orientation=&#8221;center&#8221; background_layout=&#8221;dark&#8221; header_6_font_last_edited=&#8221;off|desktop&#8221; header_6_font_size_tablet=&#8221;14px&#8221; header_6_font_size_last_edited=&#8221;off|phone&#8221; locked=&#8221;off&#8221;]<\/p>\n<h6>Follow<\/h6>\n<p>[\/et_pb_text][et_pb_social_media_follow icon_color=&#8221;#b4926b&#8221; _builder_version=&#8221;4.9.2&#8243; _module_preset=&#8221;default&#8221; text_orientation=&#8221;center&#8221; custom_margin=&#8221;-30px||||false|false&#8221; custom_margin_tablet=&#8221;-20px||||false|false&#8221; custom_margin_phone=&#8221;&#8221; custom_margin_last_edited=&#8221;on|phone&#8221; locked=&#8221;off&#8221;][et_pb_social_media_follow_network social_network=&#8221;facebook&#8221; _builder_version=&#8221;4.6.1&#8243; _module_preset=&#8221;default&#8221; follow_button=&#8221;off&#8221; url_new_window=&#8221;on&#8221;]facebook[\/et_pb_social_media_follow_network][et_pb_social_media_follow_network social_network=&#8221;instagram&#8221; _builder_version=&#8221;4.5.1&#8243; _module_preset=&#8221;default&#8221; follow_button=&#8221;off&#8221; url_new_window=&#8221;on&#8221;]instagram[\/et_pb_social_media_follow_network][\/et_pb_social_media_follow][\/et_pb_column][\/et_pb_row][\/et_pb_section]<\/p>\n","protected":false},"excerpt":{"rendered":"<p>[et_pb_section fb_built=&#8221;1&#8243; fullwidth=&#8221;on&#8221; _builder_version=&#8221;4.9.2&#8243; _module_preset=&#8221;default&#8221;][et_pb_fullwidth_header title=&#8221;Grundrisse Koblenz Moselweiss&#8221; _builder_version=&#8221;4.9.2&#8243; _module_preset=&#8221;default&#8221; background_color=&#8221;#206012&#8243;] &nbsp; &nbsp; &nbsp; &nbsp; [\/et_pb_fullwidth_header][\/et_pb_section][et_pb_section fb_built=&#8221;1&#8243; admin_label=&#8221;Listings&#8221; _builder_version=&#8221;4.6.1&#8243; _module_preset=&#8221;default&#8221;][et_pb_row _builder_version=&#8221;4.6.5&#8243; _module_preset=&#8221;default&#8221; custom_margin=&#8221;-9vw||||false|false&#8221; custom_margin_tablet=&#8221;-140px||||false|false&#8221; custom_margin_phone=&#8221;-120px||||false|false&#8221; custom_margin_last_edited=&#8221;on|phone&#8221; locked=&#8221;off&#8221;][et_pb_column type=&#8221;4_4&#8243; _builder_version=&#8221;4.6.1&#8243; _module_preset=&#8221;default&#8221;][et_pb_slider show_pagination=&#8221;off&#8221; arrows_custom_color=&#8221;#000000&#8243; _builder_version=&#8221;4.9.2&#8243; _module_preset=&#8221;default&#8221; header_font=&#8221;Merriweather||||||||&#8221; header_text_color=&#8221;#000000&#8243; header_font_size=&#8221;36px&#8221; header_line_height=&#8221;1.4em&#8221; body_font=&#8221;Merriweather||||||||&#8221; body_text_color=&#8221;#000000&#8243; body_font_size=&#8221;20px&#8221; body_line_height=&#8221;1.6em&#8221; custom_button=&#8221;on&#8221; button_text_size=&#8221;14px&#8221; button_bg_color=&#8221;#b4926b&#8221; button_border_width=&#8221;0px&#8221; button_border_radius=&#8221;0px&#8221; button_letter_spacing=&#8221;2px&#8221; button_font=&#8221;|||on|||||&#8221; button_custom_margin=&#8221;240px||||false|false&#8221; button_custom_margin_tablet=&#8221;150px||||false|false&#8221; button_custom_margin_phone=&#8221;80px||||false|false&#8221; button_custom_margin_last_edited=&#8221;on|phone&#8221; button_custom_padding=&#8221;14px|30px|14px|30px|true|true&#8221; text_orientation=&#8221;left&#8221; [&hellip;]<\/p>\n","protected":false},"author":1,"featured_media":0,"parent":0,"menu_order":0,"comment_status":"closed","ping_status":"closed","template":"","meta":{"_et_pb_use_builder":"on","_et_pb_old_content":"","_et_gb_content_width":"","footnotes":""},"class_list":["post-92","page","type-page","status-publish","hentry"],"_links":{"self":[{"href":"https:\/\/sartor-wohnen.de\/index.php?rest_route=\/wp\/v2\/pages\/92","targetHints":{"allow":["GET"]}}],"collection":[{"href":"https:\/\/sartor-wohnen.de\/index.php?rest_route=\/wp\/v2\/pages"}],"about":[{"href":"https:\/\/sartor-wohnen.de\/index.php?rest_route=\/wp\/v2\/types\/page"}],"author":[{"embeddable":true,"href":"https:\/\/sartor-wohnen.de\/index.php?rest_route=\/wp\/v2\/users\/1"}],"replies":[{"embeddable":true,"href":"https:\/\/sartor-wohnen.de\/index.php?rest_route=%2Fwp%2Fv2%2Fcomments&post=92"}],"version-history":[{"count":10,"href":"https:\/\/sartor-wohnen.de\/index.php?rest_route=\/wp\/v2\/pages\/92\/revisions"}],"predecessor-version":[{"id":127,"href":"https:\/\/sartor-wohnen.de\/index.php?rest_route=\/wp\/v2\/pages\/92\/revisions\/127"}],"wp:attachment":[{"href":"https:\/\/sartor-wohnen.de\/index.php?rest_route=%2Fwp%2Fv2%2Fmedia&parent=92"}],"curies":[{"name":"wp","href":"https:\/\/api.w.org\/{rel}","templated":true}]}}